{"id":9015,"date":"2023-06-20T22:51:18","date_gmt":"2023-06-20T19:51:18","guid":{"rendered":"https:\/\/kahevahel.ee\/product\/ranna-hoorumine-hoodie\/"},"modified":"2026-05-01T03:00:59","modified_gmt":"2026-05-01T00:00:59","slug":"ranna-hoorumine-hoodie","status":"publish","type":"product","link":"https:\/\/kahevahel.ee\/en\/product\/ranna-hoorumine-hoodie\/","title":{"rendered":"Ranna H\u00f5\u00f5rumine - Hoodie"},"content":{"rendered":"<p>Introducing our limited edition \"Ranna H\u00f5\u00f5rumine\" Hoodie, designed exclusively to celebrate the Beach Grind festival happening in Estonia! This unique hoodie is not affiliated with the festival, but it's the perfect way to show your love for the event in a lighthearted and fun manner. This however doesn't mean you can't wear it everywhere, you do you boo! Because you are the boss!\n\nCrafted with the softest materials, this hoodie guarantees unbeatable comfort. With its classic streetwear design, it features a convenient front pouch pocket and a cozy hood to keep you warm on those chilly evenings. The 100% cotton face and 65% ring-spun cotton, 35% polyester blend ensure durability and a snug fit.\n\nPlease note that this hoodie is available for a limited time only. Don't miss your chance to grab this exclusive piece of apparel and make a statement!<\/p>","protected":false},"excerpt":{"rendered":"<p>Esitleme meie piiratud v\u00e4ljaande &#8220;Ranna H\u00f5\u00f5rumine&#8221; pusa, mis on spetsiaalselt loodud Eestis toimuva Beach Grind festivali t\u00e4histamiseks! See ainulaadne pusa ei ole festivaliga seotud, kuid see on t\u00e4iuslik viis n\u00e4idata oma armastust \u00fcrituse vastu l\u00f5busal ja \u00e4gedal viisil.\u00a0Valmistatud k\u00f5ige pehmematest materjalidest, pakub see pusa enneolematut mugavust. Sellel on klassikaline t\u00e4navar\u00f5iva l\u00f5ige, ees mugav k\u00e4ngurutasku ja [&hellip;]<\/p>\n","protected":false},"featured_media":9097,"comment_status":"open","ping_status":"closed","template":"","meta":[],"product_brand":[],"product_cat":[252,42],"product_tag":[276,266],"class_list":{"0":"post-9015","1":"product","2":"type-product","3":"status-publish","4":"has-post-thumbnail","6":"product_cat-pusad","7":"product_cat-casual","8":"product_tag-embroidery","9":"product_tag-preemium","11":"first","12":"instock","13":"sale","14":"taxable","15":"shipping-taxable","16":"purchasable","17":"product-type-variable"},"_links":{"self":[{"href":"https:\/\/kahevahel.ee\/en\/wp-json\/wp\/v2\/product\/9015","targetHints":{"allow":["GET"]}}],"collection":[{"href":"https:\/\/kahevahel.ee\/en\/wp-json\/wp\/v2\/product"}],"about":[{"href":"https:\/\/kahevahel.ee\/en\/wp-json\/wp\/v2\/types\/product"}],"replies":[{"embeddable":true,"href":"https:\/\/kahevahel.ee\/en\/wp-json\/wp\/v2\/comments?post=9015"}],"wp:featuredmedia":[{"embeddable":true,"href":"https:\/\/kahevahel.ee\/en\/wp-json\/wp\/v2\/media\/9097"}],"wp:attachment":[{"href":"https:\/\/kahevahel.ee\/en\/wp-json\/wp\/v2\/media?parent=9015"}],"wp:term":[{"taxonomy":"product_brand","embeddable":true,"href":"https:\/\/kahevahel.ee\/en\/wp-json\/wp\/v2\/product_brand?post=9015"},{"taxonomy":"product_cat","embeddable":true,"href":"https:\/\/kahevahel.ee\/en\/wp-json\/wp\/v2\/product_cat?post=9015"},{"taxonomy":"product_tag","embeddable":true,"href":"https:\/\/kahevahel.ee\/en\/wp-json\/wp\/v2\/product_tag?post=9015"}],"curies":[{"name":"wp","href":"https:\/\/api.w.org\/{rel}","templated":true}]}}