{"id":8676,"date":"2023-02-15T15:56:43","date_gmt":"2023-02-15T13:56:43","guid":{"rendered":"https:\/\/kahevahel.ee\/product\/huugama-t-sark-2\/"},"modified":"2026-05-14T12:06:45","modified_gmt":"2026-05-14T09:06:45","slug":"huugama-t-sark","status":"publish","type":"product","link":"https:\/\/kahevahel.ee\/en\/product\/huugama-t-sark\/","title":{"rendered":"Huugama T-Shirt"},"content":{"rendered":"<p>If you\u2019re looking for a high-quality t-shirt that is both thick and structured, yet incredibly soft and breathable, then look no further! Our men\u2019s garment-dyed heavyweight t-shirt is designed to meet all of your requirements and is made from 100% ring-spun cotton.<\/p>\n<p>\u2022 100% cotton<br \/>\n\u2022 Fabric weight: 6.1 oz\/yd\u00b2 (206.8 g\/m\u00b2)<br \/>\n\u2022 Relaxed fit<\/p>","protected":false},"excerpt":{"rendered":"<p>Kui otsid paksu ja struktureeritud T-s\u00e4rki, mis on samas ka \u00fclimalt pehme ja hingav, siis oled \u00f5iges kohas! See unisex T-s\u00e4rk &#8220;Huugama&#8221; on raskekaaluga mis rahuldab k\u00f5ik sinu vajadused ning on valmistatud 100% puuvillast. Tavaline T-s\u00e4rgistiil sobib enamike riietega ning istub sulle nagu valatud. \u2022 100% puuvill \u2022 Kangakaal: 206,8 g\/m\u00b2 \u2022 L\u00f5dva istuvusega<\/p>","protected":false},"featured_media":11317,"comment_status":"open","ping_status":"closed","template":"","meta":[],"product_brand":[],"product_cat":[253,41],"product_tag":[],"class_list":{"0":"post-8676","1":"product","2":"type-product","3":"status-publish","4":"has-post-thumbnail","6":"product_cat-sargid-2","7":"product_cat-streetwear","9":"first","10":"instock","11":"sale","12":"taxable","13":"shipping-taxable","14":"purchasable","15":"product-type-variable"},"_links":{"self":[{"href":"https:\/\/kahevahel.ee\/en\/wp-json\/wp\/v2\/product\/8676","targetHints":{"allow":["GET"]}}],"collection":[{"href":"https:\/\/kahevahel.ee\/en\/wp-json\/wp\/v2\/product"}],"about":[{"href":"https:\/\/kahevahel.ee\/en\/wp-json\/wp\/v2\/types\/product"}],"replies":[{"embeddable":true,"href":"https:\/\/kahevahel.ee\/en\/wp-json\/wp\/v2\/comments?post=8676"}],"wp:featuredmedia":[{"embeddable":true,"href":"https:\/\/kahevahel.ee\/en\/wp-json\/wp\/v2\/media\/11317"}],"wp:attachment":[{"href":"https:\/\/kahevahel.ee\/en\/wp-json\/wp\/v2\/media?parent=8676"}],"wp:term":[{"taxonomy":"product_brand","embeddable":true,"href":"https:\/\/kahevahel.ee\/en\/wp-json\/wp\/v2\/product_brand?post=8676"},{"taxonomy":"product_cat","embeddable":true,"href":"https:\/\/kahevahel.ee\/en\/wp-json\/wp\/v2\/product_cat?post=8676"},{"taxonomy":"product_tag","embeddable":true,"href":"https:\/\/kahevahel.ee\/en\/wp-json\/wp\/v2\/product_tag?post=8676"}],"curies":[{"name":"wp","href":"https:\/\/api.w.org\/{rel}","templated":true}]}}