{"id":8556,"date":"2023-02-12T19:55:09","date_gmt":"2023-02-12T17:55:09","guid":{"rendered":"https:\/\/kahevahel.ee\/product\/uldse-ei-tuvita-pusa-2\/"},"modified":"2026-05-14T11:38:34","modified_gmt":"2026-05-14T08:38:34","slug":"uldse-ei-tuvita-pusa","status":"publish","type":"product","link":"https:\/\/kahevahel.ee\/en\/product\/uldse-ei-tuvita-pusa\/","title":{"rendered":"\u00dcldse ei tuvita hoodie"},"content":{"rendered":"<p>\u00dcldse Ei Tuvita &#8211; Pusa<\/p>\n<p>\"\u00dcldse ei tuvita\" Hoodie\n\nLow effort, high comfort.\nThis hoodie\u2019s got serious chill vibes \u2014 soft AF, durable, and perfect for lazy days or last-minute plans.\nMade from a 50\/50 cotton-poly blend with air-jet spun yarn for max softness and zero awkward pilling.\nQuarter-turn cut = no weird crease down the middle.\nDouble-lined hood, front pouch pocket, and ribbed cuffs to keep it cozy and on point.\n\nThrow it on, pull up the hood, and vibe like you literally could not care less. <span class=\"highlight-tree-child-wrapper tld-sentence tld-sentence-0-1 ng-star-inserted\">Eestis\u00a0<span class=\"tld-sibling-0-1-13 tld-sibling-0-1-14 tld-word tld-word-0-1-11 ng-star-inserted\">disainitud<\/span> unikaalse illustratsiooniga pusa<span class=\"highlight-tree-child-wrapper multiple-word-wrapper ng-star-inserted\"><span class=\"tld-sibling-0-1-23 tld-sibling-0-1-28 tld-sibling-0-1-29 tld-word tld-word-0-1-21 ng-star-inserted\">. <\/span><\/span><\/span><span class=\"highlight-tree-child-wrapper tld-sentence tld-sentence-0-1 ng-star-inserted\"><span class=\"highlight-tree-child-wrapper multiple-word-wrapper ng-star-inserted\"><span class=\"tld-sibling-0-1-23 tld-sibling-0-1-28 tld-sibling-0-1-29 tld-word tld-word-0-1-21 ng-star-inserted\">NB: Pildil olevad v\u00e4rvid v\u00f5ivad erineda p\u00e4ris toonist<\/span><\/span><\/span><\/p>\n<p>\u2022 50% cotton and 50% polyester<br \/>\n\u2022 Weight: 271.25 g\/m\u00b2<br \/>\n\u2022 Front pocket<\/p>","protected":false},"excerpt":{"rendered":"<p>\u00dcldse Ei Tuvita &#8211; Pusa Pusa mis on ideaalne mugavusriietus jahedamatele ja l\u00f5\u00f5gastavatele p\u00e4evadele. Valmistatud 50% eelpooritud puuvillast ja 50% pol\u00fcesterist, pakkudes ideaalset pehmuse, vastupidavuse ja soojuse tasakaalu. Esiosa tasku on ideaalne koht oma telefoni, rahakoti v\u00f5i muude vajalike esemete hoiustamiseks, hoidmaks neid turvaliselt ja kergesti ligip\u00e4\u00e4setavana. &#8220;\u00dcldse ei tuvita&#8221; pusa ei ole mitte ainult [&hellip;]<\/p>\n","protected":false},"featured_media":11309,"comment_status":"open","ping_status":"closed","template":"","meta":[],"product_brand":[],"product_cat":[42,252],"product_tag":[],"class_list":{"0":"post-8556","1":"product","2":"type-product","3":"status-publish","4":"has-post-thumbnail","6":"product_cat-casual","7":"product_cat-pusad","9":"first","10":"instock","11":"sale","12":"taxable","13":"shipping-taxable","14":"purchasable","15":"product-type-variable","16":"has-default-attributes"},"_links":{"self":[{"href":"https:\/\/kahevahel.ee\/en\/wp-json\/wp\/v2\/product\/8556","targetHints":{"allow":["GET"]}}],"collection":[{"href":"https:\/\/kahevahel.ee\/en\/wp-json\/wp\/v2\/product"}],"about":[{"href":"https:\/\/kahevahel.ee\/en\/wp-json\/wp\/v2\/types\/product"}],"replies":[{"embeddable":true,"href":"https:\/\/kahevahel.ee\/en\/wp-json\/wp\/v2\/comments?post=8556"}],"wp:featuredmedia":[{"embeddable":true,"href":"https:\/\/kahevahel.ee\/en\/wp-json\/wp\/v2\/media\/11309"}],"wp:attachment":[{"href":"https:\/\/kahevahel.ee\/en\/wp-json\/wp\/v2\/media?parent=8556"}],"wp:term":[{"taxonomy":"product_brand","embeddable":true,"href":"https:\/\/kahevahel.ee\/en\/wp-json\/wp\/v2\/product_brand?post=8556"},{"taxonomy":"product_cat","embeddable":true,"href":"https:\/\/kahevahel.ee\/en\/wp-json\/wp\/v2\/product_cat?post=8556"},{"taxonomy":"product_tag","embeddable":true,"href":"https:\/\/kahevahel.ee\/en\/wp-json\/wp\/v2\/product_tag?post=8556"}],"curies":[{"name":"wp","href":"https:\/\/api.w.org\/{rel}","templated":true}]}}