{"id":7587,"date":"2022-10-15T20:37:46","date_gmt":"2022-10-15T17:37:46","guid":{"rendered":"https:\/\/kahevahel.ee\/product\/youre-the-cherry-on-top-hoodie\/"},"modified":"2026-05-14T11:44:16","modified_gmt":"2026-05-14T08:44:16","slug":"kirss-tordil-pusa","status":"publish","type":"product","link":"https:\/\/kahevahel.ee\/en\/product\/kirss-tordil-pusa\/","title":{"rendered":"Kirss tordil hoodie"},"content":{"rendered":"<p>This unisex hoodie is a great accessory for any man or woman. A customized Estonian design hoodie is a great way to show off your personality to the world. Plus, the features you add to your hoodie make it an excellent casual or formal wear item. Hoodies are perfect for layering in the winter and cooling off during summertime outings. They\u2019re also handy for sporting while working out or taking part in other active hobbies and activities.<\/p>\n<p>\u2022 50% cotton and 50% polyester<br \/>\n\u2022 Weight: 271.25 g\/m\u00b2<br \/>\n\u2022 Front pocket<\/p>","protected":false},"excerpt":{"rendered":"<p>Suurep\u00e4rane\u00a0aksessuaar\u00a0igale\u00a0mehele\u00a0v\u00f5i\u00a0naisele. Eestis disainitud\u00a0unikaalse illustratsiooniga pusa\u00a0on\u00a0suurep\u00e4rane\u00a0viis\u00a0n\u00e4idata\u00a0k\u00f5igile\u00a0oma\u00a0isiksust. NB: Pildil olevad v\u00e4rvid v\u00f5ivad erineda p\u00e4risest toonist \u2022 50% puuvill, 50% pol\u00fcester \u2022 Kanga kaal: 271.25 g\/m\u00b2 \u2022 Esitaskuga<\/p>","protected":false},"featured_media":11350,"comment_status":"open","ping_status":"closed","template":"","meta":[],"product_brand":[],"product_cat":[42,252],"product_tag":[276],"class_list":{"0":"post-7587","1":"product","2":"type-product","3":"status-publish","4":"has-post-thumbnail","6":"product_cat-casual","7":"product_cat-pusad","8":"product_tag-embroidery","10":"first","11":"instock","12":"sale","13":"taxable","14":"shipping-taxable","15":"purchasable","16":"product-type-variable","17":"has-default-attributes"},"_links":{"self":[{"href":"https:\/\/kahevahel.ee\/en\/wp-json\/wp\/v2\/product\/7587","targetHints":{"allow":["GET"]}}],"collection":[{"href":"https:\/\/kahevahel.ee\/en\/wp-json\/wp\/v2\/product"}],"about":[{"href":"https:\/\/kahevahel.ee\/en\/wp-json\/wp\/v2\/types\/product"}],"replies":[{"embeddable":true,"href":"https:\/\/kahevahel.ee\/en\/wp-json\/wp\/v2\/comments?post=7587"}],"wp:featuredmedia":[{"embeddable":true,"href":"https:\/\/kahevahel.ee\/en\/wp-json\/wp\/v2\/media\/11350"}],"wp:attachment":[{"href":"https:\/\/kahevahel.ee\/en\/wp-json\/wp\/v2\/media?parent=7587"}],"wp:term":[{"taxonomy":"product_brand","embeddable":true,"href":"https:\/\/kahevahel.ee\/en\/wp-json\/wp\/v2\/product_brand?post=7587"},{"taxonomy":"product_cat","embeddable":true,"href":"https:\/\/kahevahel.ee\/en\/wp-json\/wp\/v2\/product_cat?post=7587"},{"taxonomy":"product_tag","embeddable":true,"href":"https:\/\/kahevahel.ee\/en\/wp-json\/wp\/v2\/product_tag?post=7587"}],"curies":[{"name":"wp","href":"https:\/\/api.w.org\/{rel}","templated":true}]}}