{"id":7533,"date":"2022-10-15T20:29:05","date_gmt":"2022-10-15T17:29:05","guid":{"rendered":"https:\/\/kahevahel.ee\/product\/kaa-kaa-bitch-hoodie\/"},"modified":"2026-05-14T11:45:57","modified_gmt":"2026-05-14T08:45:57","slug":"lowkey-tomba-naaksu-pusa","status":"publish","type":"product","link":"https:\/\/kahevahel.ee\/en\/product\/lowkey-tomba-naaksu-pusa\/","title":{"rendered":"Lowkey t\u00f5mba naaksu pusa"},"content":{"rendered":"<p>Lowkey t\u00f5mba naaksu<\/p>\n<p>Kui tahad midagi, mis on samal ajal mugav, \u00e4ge ja veidi krutskeid t\u00e4is, siis see pusa on just sulle. Eestis disainitud ja varustatud silmapaistva illustratsiooniga, mis r\u00e4\u00e4gib su eest rohkem kui sada s\u00f5na. Ideaalne valik neile, kes teavad, et chillida v\u00f5ib ka stiilselt. Pusa on pehme, soe ja hoiab sind m\u00f5nusalt embuses nii jahedatel \u00f5htutel kui ka lihtsalt laiskadel p\u00e4evadel.<\/p>\n<p>NB: Pildil olevad v\u00e4rvid v\u00f5ivad veidi erineda tegelikust toonist.<\/p>\n<p>\u2022 50% cotton and 50% polyester<br \/>\n\u2022 Weight: 271.25 g\/m\u00b2<br \/>\n\u2022 Unisex l\u00f5ige \u2013 sobib k\u00f5igile<\/p>","protected":false},"excerpt":{"rendered":"<p>Lowkey t\u00f5mba naaksu Kui tahad midagi, mis on samal ajal mugav, \u00e4ge ja veidi krutskeid t\u00e4is, siis see pusa on just sulle. Eestis disainitud ja varustatud silmapaistva illustratsiooniga, mis r\u00e4\u00e4gib su eest rohkem kui sada s\u00f5na. Ideaalne valik neile, kes teavad, et chillida v\u00f5ib ka stiilselt. Pusa on pehme, soe ja hoiab sind m\u00f5nusalt embuses [&hellip;]<\/p>\n","protected":false},"featured_media":11366,"comment_status":"open","ping_status":"closed","template":"","meta":[],"product_brand":[],"product_cat":[42,252],"product_tag":[276],"class_list":{"0":"post-7533","1":"product","2":"type-product","3":"status-publish","4":"has-post-thumbnail","6":"product_cat-casual","7":"product_cat-pusad","8":"product_tag-embroidery","10":"first","11":"instock","12":"sale","13":"taxable","14":"shipping-taxable","15":"purchasable","16":"product-type-variable"},"_links":{"self":[{"href":"https:\/\/kahevahel.ee\/en\/wp-json\/wp\/v2\/product\/7533","targetHints":{"allow":["GET"]}}],"collection":[{"href":"https:\/\/kahevahel.ee\/en\/wp-json\/wp\/v2\/product"}],"about":[{"href":"https:\/\/kahevahel.ee\/en\/wp-json\/wp\/v2\/types\/product"}],"replies":[{"embeddable":true,"href":"https:\/\/kahevahel.ee\/en\/wp-json\/wp\/v2\/comments?post=7533"}],"wp:featuredmedia":[{"embeddable":true,"href":"https:\/\/kahevahel.ee\/en\/wp-json\/wp\/v2\/media\/11366"}],"wp:attachment":[{"href":"https:\/\/kahevahel.ee\/en\/wp-json\/wp\/v2\/media?parent=7533"}],"wp:term":[{"taxonomy":"product_brand","embeddable":true,"href":"https:\/\/kahevahel.ee\/en\/wp-json\/wp\/v2\/product_brand?post=7533"},{"taxonomy":"product_cat","embeddable":true,"href":"https:\/\/kahevahel.ee\/en\/wp-json\/wp\/v2\/product_cat?post=7533"},{"taxonomy":"product_tag","embeddable":true,"href":"https:\/\/kahevahel.ee\/en\/wp-json\/wp\/v2\/product_tag?post=7533"}],"curies":[{"name":"wp","href":"https:\/\/api.w.org\/{rel}","templated":true}]}}