{"id":6504,"date":"2021-09-04T20:19:21","date_gmt":"2021-09-04T17:19:21","guid":{"rendered":"https:\/\/kahevahel.ee\/product\/jooga-puksid-inky-must\/"},"modified":"2026-05-14T12:37:26","modified_gmt":"2026-05-14T09:37:26","slug":"jooga-puksid-inky-must","status":"publish","type":"product","link":"https:\/\/kahevahel.ee\/en\/product\/jooga-puksid-inky-must\/","title":{"rendered":"Yoga pants \u2013 Inky Black"},"content":{"rendered":"<div class=\"et_pb_module et_pb_wc_description et_pb_wc_description_0_tb_body et_pb_bg_layout_light et_pb_text_align_left\">\n<div class=\"et_pb_module_inner\">\n<p>Soft, stretchy, and comfortable yoga pants with a unique and eye-catching beautiful design. Wear them at the gym, at home, or wherever your heart desires.<br \/>\n\u2022 82% polyester, 18% spandex<br \/>\n\u2022 Made from smooth and comfortable microfiber yarn<br \/>\n\u2022 High-rise waistband<\/p>\n<\/div>\n<\/div>","protected":false},"excerpt":{"rendered":"<p>Pehmed, venivad ning mugavad jooga p\u00fcksid oma unikaalses ja pilkup\u00fc\u00fcdvalt ilusas disainis. Kanna trennis, kodus v\u00f5i kus iganes hing ihaldab. \u2022 82% pol\u00fcester, 18% spandeks \u2022 Valmistatud siledast ning mugavast mikrokiudl\u00f5ngast \u2022 T\u00f5stetud v\u00f6\u00f6koht<\/p>","protected":false},"featured_media":11403,"comment_status":"open","ping_status":"closed","template":"","meta":[],"product_brand":[],"product_cat":[42,250],"product_tag":[],"class_list":{"0":"post-6504","1":"product","2":"type-product","3":"status-publish","4":"has-post-thumbnail","6":"product_cat-casual","7":"product_cat-puksid","9":"first","10":"instock","11":"sale","12":"taxable","13":"shipping-taxable","14":"purchasable","15":"product-type-variable"},"_links":{"self":[{"href":"https:\/\/kahevahel.ee\/en\/wp-json\/wp\/v2\/product\/6504","targetHints":{"allow":["GET"]}}],"collection":[{"href":"https:\/\/kahevahel.ee\/en\/wp-json\/wp\/v2\/product"}],"about":[{"href":"https:\/\/kahevahel.ee\/en\/wp-json\/wp\/v2\/types\/product"}],"replies":[{"embeddable":true,"href":"https:\/\/kahevahel.ee\/en\/wp-json\/wp\/v2\/comments?post=6504"}],"wp:featuredmedia":[{"embeddable":true,"href":"https:\/\/kahevahel.ee\/en\/wp-json\/wp\/v2\/media\/11403"}],"wp:attachment":[{"href":"https:\/\/kahevahel.ee\/en\/wp-json\/wp\/v2\/media?parent=6504"}],"wp:term":[{"taxonomy":"product_brand","embeddable":true,"href":"https:\/\/kahevahel.ee\/en\/wp-json\/wp\/v2\/product_brand?post=6504"},{"taxonomy":"product_cat","embeddable":true,"href":"https:\/\/kahevahel.ee\/en\/wp-json\/wp\/v2\/product_cat?post=6504"},{"taxonomy":"product_tag","embeddable":true,"href":"https:\/\/kahevahel.ee\/en\/wp-json\/wp\/v2\/product_tag?post=6504"}],"curies":[{"name":"wp","href":"https:\/\/api.w.org\/{rel}","templated":true}]}}