{"id":2898,"date":"2021-04-10T15:20:52","date_gmt":"2021-04-10T12:20:52","guid":{"rendered":"https:\/\/kahevahel.ee\/product\/jooga-puksid-waves\/"},"modified":"2026-05-14T12:40:30","modified_gmt":"2026-05-14T09:40:30","slug":"jooga-puksid-waves","status":"publish","type":"product","link":"https:\/\/kahevahel.ee\/en\/product\/jooga-puksid-waves\/","title":{"rendered":"Jooga p\u00fcksid Waves"},"content":{"rendered":"<p>Soft, stretchy, and comfortable yoga pants with a unique and eye-catching beautiful design. Wear them at the gym, at home, or wherever your heart desires.<\/p>\n<p>\u2022 82% polyester, 18% spandex<br \/>\n\u2022 Made from smooth and comfortable microfiber yarn<br \/>\n\u2022 High-rise waistband<\/p>","protected":false},"excerpt":{"rendered":"<p>Pehmed, venivad ning mugavad joogaa p\u00fcksid oma unikaalses ja pilkup\u00fc\u00fcdvalt ilusas disainis. Kanna trennis, kodus v\u00f5i kus iganes hing ihaldab. \u2022 82% pol\u00fcester, 18% spandeks \u2022 Valmistatud siledast ning mugavast mikrokiudl\u00f5ngast \u2022 T\u00f5stetud v\u00f6\u00f6koht<\/p>","protected":false},"featured_media":11415,"comment_status":"open","ping_status":"closed","template":"","meta":[],"product_brand":[],"product_cat":[42,250],"product_tag":[],"class_list":{"0":"post-2898","1":"product","2":"type-product","3":"status-publish","4":"has-post-thumbnail","6":"product_cat-casual","7":"product_cat-puksid","9":"first","10":"instock","11":"sale","12":"taxable","13":"shipping-taxable","14":"purchasable","15":"product-type-variable"},"_links":{"self":[{"href":"https:\/\/kahevahel.ee\/en\/wp-json\/wp\/v2\/product\/2898","targetHints":{"allow":["GET"]}}],"collection":[{"href":"https:\/\/kahevahel.ee\/en\/wp-json\/wp\/v2\/product"}],"about":[{"href":"https:\/\/kahevahel.ee\/en\/wp-json\/wp\/v2\/types\/product"}],"replies":[{"embeddable":true,"href":"https:\/\/kahevahel.ee\/en\/wp-json\/wp\/v2\/comments?post=2898"}],"wp:featuredmedia":[{"embeddable":true,"href":"https:\/\/kahevahel.ee\/en\/wp-json\/wp\/v2\/media\/11415"}],"wp:attachment":[{"href":"https:\/\/kahevahel.ee\/en\/wp-json\/wp\/v2\/media?parent=2898"}],"wp:term":[{"taxonomy":"product_brand","embeddable":true,"href":"https:\/\/kahevahel.ee\/en\/wp-json\/wp\/v2\/product_brand?post=2898"},{"taxonomy":"product_cat","embeddable":true,"href":"https:\/\/kahevahel.ee\/en\/wp-json\/wp\/v2\/product_cat?post=2898"},{"taxonomy":"product_tag","embeddable":true,"href":"https:\/\/kahevahel.ee\/en\/wp-json\/wp\/v2\/product_tag?post=2898"}],"curies":[{"name":"wp","href":"https:\/\/api.w.org\/{rel}","templated":true}]}}