{"id":2702,"date":"2021-04-08T21:14:49","date_gmt":"2021-04-08T18:14:49","guid":{"rendered":"https:\/\/kahevahel.ee\/product\/beebide-uldse-ei-tuvita-body\/"},"modified":"2026-05-14T12:38:15","modified_gmt":"2026-05-14T09:38:15","slug":"beebide-uldse-ei-tuvita-body","status":"publish","type":"product","link":"https:\/\/kahevahel.ee\/en\/product\/beebide-uldse-ei-tuvita-body\/","title":{"rendered":"Babies \u00fcldse ei tuvita body"},"content":{"rendered":"<p>A tiny body for your adorable little one, made from 100% cotton. Match it with a baby tee rocking the same design and watch everyone light up.<\/p>\n<p>\u2022 100% ring-spun and combed cotton<br \/>\n\u2022 Heather colors are 52% ring-spun combed cotton and 48% polyester<br \/>\n\u2022 Fabric weight: 132.2 g\/m\u00b2 (3.9 oz\/yd\u00b2)<\/p>","protected":false},"excerpt":{"rendered":"<p>Pisike body sinu nunnule beebile tehtud 100% puuvillast. Kombineeri beebi body t-s\u00e4rgiga millel on sama disain ning pane k\u00f5igi n\u00e4od naeratama. \u2022 100% r\u00f5ngas kedratud ning kammitud puuvill \u2022 Kanarbikuv\u00e4rvid (Heather) on 52% r\u00f5ngas kedratud kammitud puuvill ja 48% pol\u00fcester \u2022 Kanga kaal: 132,2 g \/ m\u00b2 (3,9 oz \/ y\u00b2)<\/p>","protected":false},"featured_media":11435,"comment_status":"open","ping_status":"closed","template":"","meta":[],"product_brand":[],"product_cat":[330],"product_tag":[],"class_list":{"0":"post-2702","1":"product","2":"type-product","3":"status-publish","4":"has-post-thumbnail","6":"product_cat-lapsed","8":"first","9":"instock","10":"sale","11":"taxable","12":"shipping-taxable","13":"purchasable","14":"product-type-variable"},"_links":{"self":[{"href":"https:\/\/kahevahel.ee\/en\/wp-json\/wp\/v2\/product\/2702","targetHints":{"allow":["GET"]}}],"collection":[{"href":"https:\/\/kahevahel.ee\/en\/wp-json\/wp\/v2\/product"}],"about":[{"href":"https:\/\/kahevahel.ee\/en\/wp-json\/wp\/v2\/types\/product"}],"replies":[{"embeddable":true,"href":"https:\/\/kahevahel.ee\/en\/wp-json\/wp\/v2\/comments?post=2702"}],"wp:featuredmedia":[{"embeddable":true,"href":"https:\/\/kahevahel.ee\/en\/wp-json\/wp\/v2\/media\/11435"}],"wp:attachment":[{"href":"https:\/\/kahevahel.ee\/en\/wp-json\/wp\/v2\/media?parent=2702"}],"wp:term":[{"taxonomy":"product_brand","embeddable":true,"href":"https:\/\/kahevahel.ee\/en\/wp-json\/wp\/v2\/product_brand?post=2702"},{"taxonomy":"product_cat","embeddable":true,"href":"https:\/\/kahevahel.ee\/en\/wp-json\/wp\/v2\/product_cat?post=2702"},{"taxonomy":"product_tag","embeddable":true,"href":"https:\/\/kahevahel.ee\/en\/wp-json\/wp\/v2\/product_tag?post=2702"}],"curies":[{"name":"wp","href":"https:\/\/api.w.org\/{rel}","templated":true}]}}