{"id":2650,"date":"2021-04-07T22:55:33","date_gmt":"2021-04-07T19:55:33","guid":{"rendered":"https:\/\/kahevahel.ee\/product\/lilleneiu-oko-t-sark\/"},"modified":"2025-11-03T18:10:51","modified_gmt":"2025-11-03T16:10:51","slug":"lilleneiu-oko-t-sark","status":"publish","type":"product","link":"https:\/\/kahevahel.ee\/en\/product\/lilleneiu-oko-t-sark\/","title":{"rendered":"Lilleneiu eco T-Shirt"},"content":{"rendered":"<p>Made from 100% organic ring-spun cotton, and honestly, it works great as a unisex fit too. The tee is high-quality, crazy comfy, and the best part \u2013 it\u2019s eco-friendly. Designed in Estonia to keep things extra fresh.<\/p>\n<p>\u2022 100% organic cotton<br \/>\n\u2022 Weight: 180 g\/m\u00b2<\/p>","protected":false},"excerpt":{"rendered":"<p>Valmistatud 100% orgaanilisest r\u00f5ngas kedratud puuvillast, ning tegelikkuses sobib ka Unisexina. T-S\u00e4rk on kvaliteetne, \u00fclimugav ja mis k\u00f5ige parem &#8211; keskkonnas\u00f5bralik. \u2022 100% orgaaniline r\u00f5ngaga kedratud puuvill \u2022 Kanga kaal: 180 g \/ m\u00b2<\/p>","protected":false},"featured_media":11445,"comment_status":"open","ping_status":"closed","template":"","meta":[],"product_brand":[],"product_cat":[42,249],"product_tag":[265],"class_list":{"0":"post-2650","1":"product","2":"type-product","3":"status-publish","4":"has-post-thumbnail","6":"product_cat-casual","7":"product_cat-sargid","8":"product_tag-oko-sobralik","10":"first","11":"instock","12":"sale","13":"taxable","14":"shipping-taxable","15":"purchasable","16":"product-type-variable"},"_links":{"self":[{"href":"https:\/\/kahevahel.ee\/en\/wp-json\/wp\/v2\/product\/2650","targetHints":{"allow":["GET"]}}],"collection":[{"href":"https:\/\/kahevahel.ee\/en\/wp-json\/wp\/v2\/product"}],"about":[{"href":"https:\/\/kahevahel.ee\/en\/wp-json\/wp\/v2\/types\/product"}],"replies":[{"embeddable":true,"href":"https:\/\/kahevahel.ee\/en\/wp-json\/wp\/v2\/comments?post=2650"}],"wp:featuredmedia":[{"embeddable":true,"href":"https:\/\/kahevahel.ee\/en\/wp-json\/wp\/v2\/media\/11445"}],"wp:attachment":[{"href":"https:\/\/kahevahel.ee\/en\/wp-json\/wp\/v2\/media?parent=2650"}],"wp:term":[{"taxonomy":"product_brand","embeddable":true,"href":"https:\/\/kahevahel.ee\/en\/wp-json\/wp\/v2\/product_brand?post=2650"},{"taxonomy":"product_cat","embeddable":true,"href":"https:\/\/kahevahel.ee\/en\/wp-json\/wp\/v2\/product_cat?post=2650"},{"taxonomy":"product_tag","embeddable":true,"href":"https:\/\/kahevahel.ee\/en\/wp-json\/wp\/v2\/product_tag?post=2650"}],"curies":[{"name":"wp","href":"https:\/\/api.w.org\/{rel}","templated":true}]}}