{"id":1915,"date":"2021-03-23T20:58:44","date_gmt":"2021-03-23T18:58:44","guid":{"rendered":"https:\/\/kahevahel.ee\/product\/jazz-bitch-t-sark\/"},"modified":"2026-05-14T12:07:37","modified_gmt":"2026-05-14T09:07:37","slug":"jazz-bitch-t-sark","status":"publish","type":"product","link":"https:\/\/kahevahel.ee\/en\/product\/jazz-bitch-t-sark\/","title":{"rendered":"Jazz B*tch - T-Shirt"},"content":{"rendered":"<p>The 100% cotton men\u2019s heavyweight tee will help you land a more structured look. It sits nicely, maintains sharp lines around the edges, and goes perfectly with layered streetwear outfits. Plus, it\u2019s extra trendy now!<\/p>\n<p>\u2022 100% cotton<br \/>\n\u2022 Kanga kaal: 170\u2013180 g \/ m\u00b2<\/p>","protected":false},"excerpt":{"rendered":"<p>100% puuvillane raskekaaluga T-s\u00e4rk mis hoiab oma struktuurset v\u00e4limust ning m\u00f5eldud spetsiaalselt streetweari jaoks. V\u00f5rreldes casual T-s\u00e4rkiga on sellel laiemad varrukad ning veidi laiem l\u00f5ige.Oversizina soovitame tavap\u00e4rasest v\u00e4hemalt 2 numbrit suurem valida. \u2022 100% puuvill \u2022 Kanga kaal: 170\u2013180 g \/ m\u00b2<\/p>","protected":false},"featured_media":11451,"comment_status":"open","ping_status":"closed","template":"","meta":[],"product_brand":[],"product_cat":[253,41],"product_tag":[],"class_list":{"0":"post-1915","1":"product","2":"type-product","3":"status-publish","4":"has-post-thumbnail","6":"product_cat-sargid-2","7":"product_cat-streetwear","9":"first","10":"instock","11":"sale","12":"taxable","13":"shipping-taxable","14":"purchasable","15":"product-type-variable"},"_links":{"self":[{"href":"https:\/\/kahevahel.ee\/en\/wp-json\/wp\/v2\/product\/1915","targetHints":{"allow":["GET"]}}],"collection":[{"href":"https:\/\/kahevahel.ee\/en\/wp-json\/wp\/v2\/product"}],"about":[{"href":"https:\/\/kahevahel.ee\/en\/wp-json\/wp\/v2\/types\/product"}],"replies":[{"embeddable":true,"href":"https:\/\/kahevahel.ee\/en\/wp-json\/wp\/v2\/comments?post=1915"}],"wp:featuredmedia":[{"embeddable":true,"href":"https:\/\/kahevahel.ee\/en\/wp-json\/wp\/v2\/media\/11451"}],"wp:attachment":[{"href":"https:\/\/kahevahel.ee\/en\/wp-json\/wp\/v2\/media?parent=1915"}],"wp:term":[{"taxonomy":"product_brand","embeddable":true,"href":"https:\/\/kahevahel.ee\/en\/wp-json\/wp\/v2\/product_brand?post=1915"},{"taxonomy":"product_cat","embeddable":true,"href":"https:\/\/kahevahel.ee\/en\/wp-json\/wp\/v2\/product_cat?post=1915"},{"taxonomy":"product_tag","embeddable":true,"href":"https:\/\/kahevahel.ee\/en\/wp-json\/wp\/v2\/product_tag?post=1915"}],"curies":[{"name":"wp","href":"https:\/\/api.w.org\/{rel}","templated":true}]}}