{"id":12829,"date":"2026-05-13T10:12:20","date_gmt":"2026-05-13T07:12:20","guid":{"rendered":"https:\/\/kahevahel.ee\/toode\/tinder-surprise-beebide-body\/"},"modified":"2026-05-13T10:12:40","modified_gmt":"2026-05-13T07:12:40","slug":"tinder-surprise-beebide-body","status":"publish","type":"product","link":"https:\/\/kahevahel.ee\/en\/product\/tinder-surprise-beebide-body\/","title":{"rendered":"Tinder Surprise beebide body"},"content":{"rendered":"<p>Tinder Surprise on pehme ja mugav bodi v\u00e4ikestele s\u00fcdametemurdjatele \ud83d\udc98<br \/>\nValmistatud orgaanilisest puuvillast, mis on beebi naha vastu eriti \u00f5rn ja mugav terve p\u00e4eva kandmiseks.<\/p>\n<p>Praktiline \u00fcmbrikkaelus ja trukkidega alumine osa teevad riietamise lihtsaks ka k\u00f5ige aktiivsematel pisikestel. Pehme veniv kangas liigub beebiga kaasa ning hoiab oma kuju ka p\u00e4rast pesu.<\/p>\n<p>Ideaalne kingitus v\u00e4rskele emale v\u00f5i lihtsalt \u00fche v\u00e4ikese nunnupalli lemmikbodiks \u2728<\/p>","protected":false},"excerpt":{"rendered":"<p>Tinder Surprise on pehme ja mugav bodi v\u00e4ikestele s\u00fcdametemurdjatele \ud83d\udc98 Valmistatud orgaanilisest puuvillast, mis on beebi naha vastu eriti \u00f5rn ja mugav terve p\u00e4eva kandmiseks. Praktiline \u00fcmbrikkaelus ja trukkidega alumine osa teevad riietamise lihtsaks ka k\u00f5ige aktiivsematel pisikestel. Pehme veniv kangas liigub beebiga kaasa ning hoiab oma kuju ka p\u00e4rast pesu. Ideaalne kingitus v\u00e4rskele emale [&hellip;]<\/p>\n","protected":false},"featured_media":12836,"comment_status":"open","ping_status":"closed","template":"","meta":[],"product_brand":[],"product_cat":[249],"product_tag":[],"class_list":{"0":"post-12829","1":"product","2":"type-product","3":"status-publish","4":"has-post-thumbnail","6":"product_cat-sargid","8":"first","9":"instock","10":"taxable","11":"shipping-taxable","12":"purchasable","13":"product-type-variable"},"_links":{"self":[{"href":"https:\/\/kahevahel.ee\/en\/wp-json\/wp\/v2\/product\/12829","targetHints":{"allow":["GET"]}}],"collection":[{"href":"https:\/\/kahevahel.ee\/en\/wp-json\/wp\/v2\/product"}],"about":[{"href":"https:\/\/kahevahel.ee\/en\/wp-json\/wp\/v2\/types\/product"}],"replies":[{"embeddable":true,"href":"https:\/\/kahevahel.ee\/en\/wp-json\/wp\/v2\/comments?post=12829"}],"wp:featuredmedia":[{"embeddable":true,"href":"https:\/\/kahevahel.ee\/en\/wp-json\/wp\/v2\/media\/12836"}],"wp:attachment":[{"href":"https:\/\/kahevahel.ee\/en\/wp-json\/wp\/v2\/media?parent=12829"}],"wp:term":[{"taxonomy":"product_brand","embeddable":true,"href":"https:\/\/kahevahel.ee\/en\/wp-json\/wp\/v2\/product_brand?post=12829"},{"taxonomy":"product_cat","embeddable":true,"href":"https:\/\/kahevahel.ee\/en\/wp-json\/wp\/v2\/product_cat?post=12829"},{"taxonomy":"product_tag","embeddable":true,"href":"https:\/\/kahevahel.ee\/en\/wp-json\/wp\/v2\/product_tag?post=12829"}],"curies":[{"name":"wp","href":"https:\/\/api.w.org\/{rel}","templated":true}]}}