{"id":12715,"date":"2026-01-25T13:14:55","date_gmt":"2026-01-25T11:14:55","guid":{"rendered":"https:\/\/kahevahel.ee\/toode\/2pack-oversized-t-sark\/"},"modified":"2026-05-14T11:56:37","modified_gmt":"2026-05-14T08:56:37","slug":"2pack-oversized-t-sark","status":"publish","type":"product","link":"https:\/\/kahevahel.ee\/en\/product\/2pack-oversized-t-sark\/","title":{"rendered":"2Pack Oversized T-S\u00e4rk"},"content":{"rendered":"<p>2Pack Oversized T-S\u00e4rk<\/p>\n<p>See T-s\u00e4rk on nagu su uus parim s\u00f5ber \u2013 oversized, kerge ja eest minimalistlik, kui vaja hea v\u00e4lja n\u00e4ha (v\u00f5i lihtsalt mugavalt diivanil l\u00f6sutada). S\u00e4rgi seljal on \u00e4gedalt suur illustratsioon. Natuke venib ka, et saaks vabalt s\u00fc\u00fca kolmandat portsjonit pastat. Valmistatud kammitud puuvillast (jah, see fancy kraam). Kangas ei t\u00f5mba pesus kokku \u2013 sest kellel on aega \u00fcllatusteks? \u00d5mblused on seal, kus nad olema peavad, ja \u00f5latugi hoiab asjad ilusti koos.<\/p>","protected":false},"excerpt":{"rendered":"<p>2Pack Oversized T-S\u00e4rk See T-s\u00e4rk on nagu su uus parim s\u00f5ber \u2013 oversized, kerge ja eest minimalistlik, kui vaja hea v\u00e4lja n\u00e4ha (v\u00f5i lihtsalt mugavalt diivanil l\u00f6sutada). S\u00e4rgi seljal on \u00e4gedalt suur illustratsioon. Natuke venib ka, et saaks vabalt s\u00fc\u00fca kolmandat portsjonit pastat. Valmistatud kammitud puuvillast (jah, see fancy kraam). Kangas ei t\u00f5mba pesus kokku [&hellip;]<\/p>\n","protected":false},"featured_media":11220,"comment_status":"open","ping_status":"closed","template":"","meta":[],"product_brand":[],"product_cat":[249],"product_tag":[],"class_list":{"0":"post-12715","1":"product","2":"type-product","3":"status-publish","4":"has-post-thumbnail","6":"product_cat-sargid","8":"first","9":"instock","10":"sale","11":"taxable","12":"shipping-taxable","13":"purchasable","14":"product-type-variable"},"_links":{"self":[{"href":"https:\/\/kahevahel.ee\/en\/wp-json\/wp\/v2\/product\/12715","targetHints":{"allow":["GET"]}}],"collection":[{"href":"https:\/\/kahevahel.ee\/en\/wp-json\/wp\/v2\/product"}],"about":[{"href":"https:\/\/kahevahel.ee\/en\/wp-json\/wp\/v2\/types\/product"}],"replies":[{"embeddable":true,"href":"https:\/\/kahevahel.ee\/en\/wp-json\/wp\/v2\/comments?post=12715"}],"wp:featuredmedia":[{"embeddable":true,"href":"https:\/\/kahevahel.ee\/en\/wp-json\/wp\/v2\/media\/11220"}],"wp:attachment":[{"href":"https:\/\/kahevahel.ee\/en\/wp-json\/wp\/v2\/media?parent=12715"}],"wp:term":[{"taxonomy":"product_brand","embeddable":true,"href":"https:\/\/kahevahel.ee\/en\/wp-json\/wp\/v2\/product_brand?post=12715"},{"taxonomy":"product_cat","embeddable":true,"href":"https:\/\/kahevahel.ee\/en\/wp-json\/wp\/v2\/product_cat?post=12715"},{"taxonomy":"product_tag","embeddable":true,"href":"https:\/\/kahevahel.ee\/en\/wp-json\/wp\/v2\/product_tag?post=12715"}],"curies":[{"name":"wp","href":"https:\/\/api.w.org\/{rel}","templated":true}]}}