{"id":12046,"date":"2025-06-02T22:13:12","date_gmt":"2025-06-02T19:13:12","guid":{"rendered":"https:\/\/kahevahel.ee\/toode\/alatu-laim-pusa\/"},"modified":"2026-05-14T11:19:26","modified_gmt":"2026-05-14T08:19:26","slug":"alatu-laim-pusa","status":"publish","type":"product","link":"https:\/\/kahevahel.ee\/en\/product\/alatu-laim-pusa\/","title":{"rendered":"Alatu Laim &#8211; Pusa"},"content":{"rendered":"<p>Alatu Laim &#8211; Pusa<\/p>\n<p>See pusa on nagu soe kallistus, mida saab endaga k\u00f5ikjale kaasa v\u00f5tta. Pehme? Muidugi \u2013 100% puuvillane pealispind ja sees 65% kammpuuvill, 35% pol\u00fcester teevad sellest \u00fche eriti mugava kaaslase. \u00c4ge disain? Loomulikult. Ja see kapuuts! Kolmest paneelist kokku pandud ja sobituvate n\u00f6\u00f6ridega \u2013 ei j\u00e4\u00e4 tobedalt tolknema, vaid istub ilusti p\u00e4he.<\/p>\n<p>Ees on m\u00f5nus suur tasku, kuhu mahub nii k\u00e4si kui ka k\u00f5ik su v\u00e4iksed saladused. Seljal on v\u00e4ike \u00f5mmeldud detail, mis annab pusale just selle \u201cmidagi\u201d juurde. Ideaalne valik jahedateks \u00f5htuteks v\u00f5i kui tahad lihtsalt veidi peitu pugeda.<\/p>\n<p>PS! See pusa on v\u00e4iksemas m\u00f5\u00f5dus kui tavaliselt. Soovitame v\u00f5tta tavap\u00e4rasest number suurem \u2013 eriti kui plaanid sinna alla veel midagi kihiliselt panna v\u00f5i kui soovid oversized fit&#8217;i saavutada.<\/p>","protected":false},"excerpt":{"rendered":"<p>Alatu Laim &#8211; Pusa See pusa on nagu soe kallistus, mida saab endaga k\u00f5ikjale kaasa v\u00f5tta. Pehme? Muidugi \u2013 100% puuvillane pealispind ja sees 65% kammpuuvill, 35% pol\u00fcester teevad sellest \u00fche eriti mugava kaaslase. \u00c4ge disain? Loomulikult. Ja see kapuuts! Kolmest paneelist kokku pandud ja sobituvate n\u00f6\u00f6ridega \u2013 ei j\u00e4\u00e4 tobedalt tolknema, vaid istub ilusti [&hellip;]<\/p>\n","protected":false},"featured_media":12371,"comment_status":"open","ping_status":"closed","template":"","meta":[],"product_brand":[],"product_cat":[42,252],"product_tag":[],"class_list":{"0":"post-12046","1":"product","2":"type-product","3":"status-publish","4":"has-post-thumbnail","6":"product_cat-casual","7":"product_cat-pusad","9":"first","10":"instock","11":"sale","12":"taxable","13":"shipping-taxable","14":"purchasable","15":"product-type-variable"},"_links":{"self":[{"href":"https:\/\/kahevahel.ee\/en\/wp-json\/wp\/v2\/product\/12046","targetHints":{"allow":["GET"]}}],"collection":[{"href":"https:\/\/kahevahel.ee\/en\/wp-json\/wp\/v2\/product"}],"about":[{"href":"https:\/\/kahevahel.ee\/en\/wp-json\/wp\/v2\/types\/product"}],"replies":[{"embeddable":true,"href":"https:\/\/kahevahel.ee\/en\/wp-json\/wp\/v2\/comments?post=12046"}],"wp:featuredmedia":[{"embeddable":true,"href":"https:\/\/kahevahel.ee\/en\/wp-json\/wp\/v2\/media\/12371"}],"wp:attachment":[{"href":"https:\/\/kahevahel.ee\/en\/wp-json\/wp\/v2\/media?parent=12046"}],"wp:term":[{"taxonomy":"product_brand","embeddable":true,"href":"https:\/\/kahevahel.ee\/en\/wp-json\/wp\/v2\/product_brand?post=12046"},{"taxonomy":"product_cat","embeddable":true,"href":"https:\/\/kahevahel.ee\/en\/wp-json\/wp\/v2\/product_cat?post=12046"},{"taxonomy":"product_tag","embeddable":true,"href":"https:\/\/kahevahel.ee\/en\/wp-json\/wp\/v2\/product_tag?post=12046"}],"curies":[{"name":"wp","href":"https:\/\/api.w.org\/{rel}","templated":true}]}}