{"id":11691,"date":"2025-05-01T09:36:01","date_gmt":"2025-05-01T06:36:01","guid":{"rendered":"https:\/\/kahevahel.ee\/toode\/alatu-laim-laste-t-sark\/"},"modified":"2026-02-06T13:43:29","modified_gmt":"2026-02-06T11:43:29","slug":"alatu-laim-laste-t-sark","status":"publish","type":"product","link":"https:\/\/kahevahel.ee\/en\/product\/alatu-laim-laste-t-sark\/","title":{"rendered":"Alatu Laim &#8211; Laste T-S\u00e4rk"},"content":{"rendered":"<p>Alatu Laim<\/p>\n<p>See T-s\u00e4rk on nagu su uus parim s\u00f5ber \u2013 pehme, kerge ja alati olemas, kui vaja hea v\u00e4lja n\u00e4ha (v\u00f5i lihtsalt mugavalt diivanil l\u00f6sutada). T-s\u00e4rgi rinnal v\u00e4ike \u00f5mmeldud numps kujuke. Natuke venib ka, et saaks vabalt s\u00fc\u00fca kolmandat portsjonit pastat. Valmistatud 100% puuvillast. Kangas ei t\u00f5mba pesus kokku \u2013 sest kellel on aega \u00fcllatusteks? \u00d5mblused on seal, kus nad olema peavad, ja \u00f5latugi hoiab asjad ilusti koos.<\/p>","protected":false},"excerpt":{"rendered":"<p>Alatu Laim See T-s\u00e4rk on nagu su uus parim s\u00f5ber \u2013 pehme, kerge ja alati olemas, kui vaja hea v\u00e4lja n\u00e4ha (v\u00f5i lihtsalt mugavalt diivanil l\u00f6sutada). T-s\u00e4rgi rinnal v\u00e4ike \u00f5mmeldud numps kujuke. Natuke venib ka, et saaks vabalt s\u00fc\u00fca kolmandat portsjonit pastat. Valmistatud 100% puuvillast. Kangas ei t\u00f5mba pesus kokku \u2013 sest kellel on aega [&hellip;]<\/p>\n","protected":false},"featured_media":11709,"comment_status":"open","ping_status":"closed","template":"","meta":[],"product_brand":[],"product_cat":[249],"product_tag":[],"class_list":{"0":"post-11691","1":"product","2":"type-product","3":"status-publish","4":"has-post-thumbnail","6":"product_cat-sargid","8":"first","9":"instock","10":"sale","11":"taxable","12":"shipping-taxable","13":"purchasable","14":"product-type-variable"},"_links":{"self":[{"href":"https:\/\/kahevahel.ee\/en\/wp-json\/wp\/v2\/product\/11691","targetHints":{"allow":["GET"]}}],"collection":[{"href":"https:\/\/kahevahel.ee\/en\/wp-json\/wp\/v2\/product"}],"about":[{"href":"https:\/\/kahevahel.ee\/en\/wp-json\/wp\/v2\/types\/product"}],"replies":[{"embeddable":true,"href":"https:\/\/kahevahel.ee\/en\/wp-json\/wp\/v2\/comments?post=11691"}],"wp:featuredmedia":[{"embeddable":true,"href":"https:\/\/kahevahel.ee\/en\/wp-json\/wp\/v2\/media\/11709"}],"wp:attachment":[{"href":"https:\/\/kahevahel.ee\/en\/wp-json\/wp\/v2\/media?parent=11691"}],"wp:term":[{"taxonomy":"product_brand","embeddable":true,"href":"https:\/\/kahevahel.ee\/en\/wp-json\/wp\/v2\/product_brand?post=11691"},{"taxonomy":"product_cat","embeddable":true,"href":"https:\/\/kahevahel.ee\/en\/wp-json\/wp\/v2\/product_cat?post=11691"},{"taxonomy":"product_tag","embeddable":true,"href":"https:\/\/kahevahel.ee\/en\/wp-json\/wp\/v2\/product_tag?post=11691"}],"curies":[{"name":"wp","href":"https:\/\/api.w.org\/{rel}","templated":true}]}}