{"id":11536,"date":"2025-04-30T15:41:25","date_gmt":"2025-04-30T12:41:25","guid":{"rendered":"https:\/\/kahevahel.ee\/toode\/pumpkin-paradise-dressikas\/"},"modified":"2025-05-14T09:16:37","modified_gmt":"2025-05-14T06:16:37","slug":"pumpkin-paradise-dressikas","status":"publish","type":"product","link":"https:\/\/kahevahel.ee\/en\/product\/pumpkin-paradise-dressikas\/","title":{"rendered":"Pumpkin Paradise Dressikas"},"content":{"rendered":"<p>Sip your Way into Pumpkin Paradise Halloween dressikas<\/p>\n<p>Naudi halloweeni v\u00f5i s\u00fcgise v\u00f5lu kandes seda \u00e4gedat pusa enda seljas! \ud83c\udf42\ud83c\udf83<\/p>\n<p>Antud pusa on ideaalne kaaslane k\u00f5igiks s\u00fcgisteks hetkedeks \u2013 olgu see jalutusk\u00e4ik lehtedes, k\u00f5rvitsap\u00f5llu k\u00fclastus v\u00f5i kohviku\u00f5htu. Pehme, vastupidav ja mugava l\u00f5ikega \u2013 just nii, nagu \u00fcks hea pusa olema peab.<\/p>\n<p>Soojus. Stiil. \u00c4ge kujundus \u2013 kanna seda uhkusega!<\/p>","protected":false},"excerpt":{"rendered":"<p>Sip your Way into Pumpkin Paradise Halloween dressikas Naudi halloweeni v\u00f5i s\u00fcgise v\u00f5lu kandes seda \u00e4gedat pusa enda seljas! \ud83c\udf42\ud83c\udf83 Antud pusa on ideaalne kaaslane k\u00f5igiks s\u00fcgisteks hetkedeks \u2013 olgu see jalutusk\u00e4ik lehtedes, k\u00f5rvitsap\u00f5llu k\u00fclastus v\u00f5i kohviku\u00f5htu. Pehme, vastupidav ja mugava l\u00f5ikega \u2013 just nii, nagu \u00fcks hea pusa olema peab. Soojus. Stiil. \u00c4ge kujundus [&hellip;]<\/p>\n","protected":false},"featured_media":11581,"comment_status":"open","ping_status":"closed","template":"","meta":[],"product_brand":[],"product_cat":[320,252],"product_tag":[],"class_list":{"0":"post-11536","1":"product","2":"type-product","3":"status-publish","4":"has-post-thumbnail","6":"product_cat-halloween","7":"product_cat-pusad","9":"first","10":"instock","11":"sale","12":"taxable","13":"shipping-taxable","14":"purchasable","15":"product-type-variable"},"_links":{"self":[{"href":"https:\/\/kahevahel.ee\/en\/wp-json\/wp\/v2\/product\/11536","targetHints":{"allow":["GET"]}}],"collection":[{"href":"https:\/\/kahevahel.ee\/en\/wp-json\/wp\/v2\/product"}],"about":[{"href":"https:\/\/kahevahel.ee\/en\/wp-json\/wp\/v2\/types\/product"}],"replies":[{"embeddable":true,"href":"https:\/\/kahevahel.ee\/en\/wp-json\/wp\/v2\/comments?post=11536"}],"wp:featuredmedia":[{"embeddable":true,"href":"https:\/\/kahevahel.ee\/en\/wp-json\/wp\/v2\/media\/11581"}],"wp:attachment":[{"href":"https:\/\/kahevahel.ee\/en\/wp-json\/wp\/v2\/media?parent=11536"}],"wp:term":[{"taxonomy":"product_brand","embeddable":true,"href":"https:\/\/kahevahel.ee\/en\/wp-json\/wp\/v2\/product_brand?post=11536"},{"taxonomy":"product_cat","embeddable":true,"href":"https:\/\/kahevahel.ee\/en\/wp-json\/wp\/v2\/product_cat?post=11536"},{"taxonomy":"product_tag","embeddable":true,"href":"https:\/\/kahevahel.ee\/en\/wp-json\/wp\/v2\/product_tag?post=11536"}],"curies":[{"name":"wp","href":"https:\/\/api.w.org\/{rel}","templated":true}]}}