{"id":11454,"date":"2021-01-30T09:42:25","date_gmt":"2021-01-30T07:42:25","guid":{"rendered":"https:\/\/kahevahel.ee\/toode\/lorem-ipsum-t-sark\/"},"modified":"2025-05-14T09:21:36","modified_gmt":"2025-05-14T06:21:36","slug":"lorem-ipsum-t-sark","status":"publish","type":"product","link":"https:\/\/kahevahel.ee\/en\/product\/lorem-ipsum-t-sark\/","title":{"rendered":"Lorem Ipsum T-s\u00e4rk"},"content":{"rendered":"<p>100% puuvillane raskekaaluga &#8220;Lorem Ipsum&#8221; graafikaga T-s\u00e4rk mis hoiab oma struktuurset v\u00e4limust ning m\u00f5eldud spetsiaalselt streetweari jaoks. V\u00f5rreldes casual T-s\u00e4rkiga on sellel laiemad varrukad ning veidi laiem l\u00f5ige.Oversizina soovitame tavap\u00e4rasest v\u00e4hemalt 2 numbrit suurem valida.<\/p>\n<p>\u2022 100% cotton<br \/>\n\u2022 Kanga kaal: 170\u2013180 g \/ m\u00b2<\/p>","protected":false},"excerpt":{"rendered":"<p>100% puuvillane raskekaaluga &#8220;Lorem Ipsum&#8221; graafikaga T-s\u00e4rk mis hoiab oma struktuurset v\u00e4limust ning m\u00f5eldud spetsiaalselt streetweari jaoks. V\u00f5rreldes casual T-s\u00e4rkiga on sellel laiemad varrukad ning veidi laiem l\u00f5ige.Oversizina soovitame tavap\u00e4rasest v\u00e4hemalt 2 numbrit suurem valida. \u2022 100% puuvill \u2022 Kanga kaal: 170\u2013180 g \/ m\u00b2<\/p>","protected":false},"featured_media":7478,"comment_status":"open","ping_status":"closed","template":"","meta":[],"product_brand":[],"product_cat":[253,41],"product_tag":[],"class_list":{"0":"post-11454","1":"product","2":"type-product","3":"status-publish","4":"has-post-thumbnail","6":"product_cat-sargid-2","7":"product_cat-streetwear","9":"first","10":"instock","11":"sale","12":"taxable","13":"shipping-taxable","14":"purchasable","15":"product-type-variable"},"_links":{"self":[{"href":"https:\/\/kahevahel.ee\/en\/wp-json\/wp\/v2\/product\/11454","targetHints":{"allow":["GET"]}}],"collection":[{"href":"https:\/\/kahevahel.ee\/en\/wp-json\/wp\/v2\/product"}],"about":[{"href":"https:\/\/kahevahel.ee\/en\/wp-json\/wp\/v2\/types\/product"}],"replies":[{"embeddable":true,"href":"https:\/\/kahevahel.ee\/en\/wp-json\/wp\/v2\/comments?post=11454"}],"wp:featuredmedia":[{"embeddable":true,"href":"https:\/\/kahevahel.ee\/en\/wp-json\/wp\/v2\/media\/7478"}],"wp:attachment":[{"href":"https:\/\/kahevahel.ee\/en\/wp-json\/wp\/v2\/media?parent=11454"}],"wp:term":[{"taxonomy":"product_brand","embeddable":true,"href":"https:\/\/kahevahel.ee\/en\/wp-json\/wp\/v2\/product_brand?post=11454"},{"taxonomy":"product_cat","embeddable":true,"href":"https:\/\/kahevahel.ee\/en\/wp-json\/wp\/v2\/product_cat?post=11454"},{"taxonomy":"product_tag","embeddable":true,"href":"https:\/\/kahevahel.ee\/en\/wp-json\/wp\/v2\/product_tag?post=11454"}],"curies":[{"name":"wp","href":"https:\/\/api.w.org\/{rel}","templated":true}]}}