{"id":1291,"date":"2021-03-11T15:50:14","date_gmt":"2021-03-11T15:50:14","guid":{"rendered":"https:\/\/kahevahel.kevinlehtla.ee\/?page_id=1291"},"modified":"2026-01-24T09:48:07","modified_gmt":"2026-01-24T07:48:07","slug":"ettevottest","status":"publish","type":"page","link":"https:\/\/kahevahel.ee\/en\/ettevottest\/","title":{"rendered":"Ettev\u00f5ttest"},"content":{"rendered":"<div class=\"et_pb_section_0 et_pb_section et_section_regular et_block_section\"><div class=\"et_pb_row_0 et_pb_row et_block_row\"><div class=\"et_pb_column_0 et_pb_column et_pb_column_4_4 et-last-child et_block_column et_pb_css_mix_blend_mode_passthrough\"><div class=\"et_pb_image_0 et_pb_image et_pb_module et_block_module\"><span class=\"et_pb_image_wrap\"><img data-dominant-color=\"989084\" data-has-transparency=\"false\" style=\"--dominant-color: #989084;\" loading=\"lazy\" decoding=\"async\" src=\"https:\/\/kahevahel.ee\/wp-content\/uploads\/2021\/04\/About_hero.jpg\" width=\"1920\" height=\"960\" srcset=\"https:\/\/kahevahel.ee\/wp-content\/uploads\/2021\/04\/About_hero.jpg 1920w, https:\/\/kahevahel.ee\/wp-content\/uploads\/2021\/04\/About_hero-1024x512.jpg 1024w, https:\/\/kahevahel.ee\/wp-content\/uploads\/2021\/04\/About_hero-920x460.jpg 920w\" sizes=\"(max-width: 1920px) 100vw, 1920px\" class=\"wp-image-2281 not-transparent\" title=\"About_hero\" \/><\/span><\/div><\/div><\/div><div class=\"et_pb_row_1 et_pb_row et_block_row\"><div class=\"et_pb_column_1 et_pb_column et_pb_column_4_4 et-last-child et_block_column et_pb_css_mix_blend_mode_passthrough\"><div class=\"et_pb_text_0 et_pb_text et_pb_bg_layout_light et_pb_module et_block_module\"><div class=\"et_pb_text_inner\"><h1>Fashion that\u2019s made for everyone<\/h1>\n<p><span style=\"font-weight: 400;\">Kahevahel is an estonian unique online store brand, which offers both casual and streetwear style clothing.<\/span><span style=\"font-weight: 400;\"><\/span><\/p>\n<p><span style=\"font-weight: 400;\">Founded by Estonian designer Kevin Lehtla, Kahevahel was a long time dream made into reality after countless years of graphic design experience, planning and collection of inspiration troughout the time. The goal with Kahevahel was to hand-make custom designs appealing mainly to the Estonian audience but also be something that provides pieces for international customers as well \u2013 because we love each one of you no matter where you are.<\/span><\/p>\n<p><span style=\"font-weight: 400;\">Designed in Estonia and for the production used different partners troughout the world. Kahevahel is not made only for local clients but everyone who likes what we offer here. For the main part Kahevahel uses POD ( Print on Demand) service which allows us to have a controlled quality and fast shipping rates, but the downside being that there are limited variations of clothing cuts.<\/span><\/p>\n<\/div><\/div><\/div><\/div><div class=\"et_pb_row_2 et_pb_row et_block_row\"><div class=\"et_pb_column_2 et_pb_column et_pb_column_1_2 et_block_column et_pb_css_mix_blend_mode_passthrough\"><div class=\"et_pb_divider_0 et_pb_divider_hidden et_pb_space et_pb_divider_position_top et_pb_module\"><div class=\"et_pb_divider_internal\"><\/div><\/div><\/div><div class=\"et_pb_column_3 et_pb_column et_pb_column_1_2 et-last-child et_block_column et_pb_css_mix_blend_mode_passthrough\"><div class=\"et_pb_divider_1 et_pb_divider_hidden et_pb_space et_pb_divider_position_top et_pb_module\"><div class=\"et_pb_divider_internal\"><\/div><\/div><div class=\"et_pb_text_1 et_pb_text et_pb_bg_layout_light et_clickable et_pb_module et_block_module\"><div class=\"et_pb_text_inner\"><p><span>Visit the store to purchase any of these pieces.<\/span><\/p>\n<\/div><\/div><\/div><\/div><div class=\"et_pb_row_3 et_pb_row et_pb_equal_columns et_pb_gutters2 et_block_row\"><div class=\"et_pb_column_4 et_pb_column et_pb_column_1_2 et_block_column et_pb_css_mix_blend_mode_passthrough\"><div class=\"et_pb_text_2 et_pb_text et_pb_bg_layout_light et_pb_module et_block_module\"><div class=\"et_pb_text_inner\"><h1>Chaotic, universal and always unique<\/h1>\n<\/div><\/div><\/div><div class=\"et_pb_column_5 et_pb_column et_pb_column_1_2 et-last-child et_block_column et_pb_css_mix_blend_mode_passthrough\"><div class=\"et_pb_text_3 et_pb_text et_pb_bg_layout_light et_pb_module et_block_module\"><div class=\"et_pb_text_inner\"><p><span style=\"font-weight: 400;\">We believe in that great things don\u2019t happen overnight, which means that with each purchase and your support our brand grows. Grows to be better every day and allows us to offer better quality clothing pieces and even different cuts. We value feedback greatly and suggest everyone to do so if they feel the need. We belive that fashion should be quality, inspiring, unique and affordable.<\/span><\/p>\n<p><span style=\"font-weight: 400;\">Where lies our uniqueness? <\/span><span style=\"font-weight: 400;\">Our pieces are unique because each one of our designs are hand-crafted by the founder and made into reality with thoughts behind them. In our product range everyone can find at least one piece that speaks to them regardless of the age, gender, sex or location.<\/span><\/p>\n<\/div><\/div><\/div><\/div><div class=\"et_pb_row_4 et_pb_row et_block_row\"><div class=\"et_pb_column_6 et_pb_column et_pb_column_1_3 et_block_column et_pb_css_mix_blend_mode_passthrough\"><div class=\"et_pb_image_1 et_pb_image et_pb_image_sticky et_pb_module et_block_module\"><a href=\"https:\/\/kahevahel.ee\/en\/product\/sa-paistad-veits-tihane-t-sark\/\"><span class=\"et_pb_image_wrap\"><img data-dominant-color=\"9d8877\" data-has-transparency=\"false\" style=\"--dominant-color: #9d8877;\" loading=\"lazy\" decoding=\"async\" src=\"https:\/\/kahevahel.ee\/wp-content\/uploads\/2021\/04\/About-Kahevahel_3.jpg\" width=\"865\" height=\"1296\" srcset=\"https:\/\/kahevahel.ee\/wp-content\/uploads\/2021\/04\/About-Kahevahel_3.jpg 865w, https:\/\/kahevahel.ee\/wp-content\/uploads\/2021\/04\/About-Kahevahel_3-683x1024.jpg 683w\" sizes=\"(max-width: 865px) 100vw, 865px\" class=\"wp-image-2302 not-transparent\" title=\"About Kahevahel_3\" \/><\/span><\/a><\/div><div class=\"et_pb_text_4 et_pb_text et_pb_bg_layout_light et_clickable et_pb_module et_block_module\"><div class=\"et_pb_text_inner\"><p><span>K\u00fclasta toodet - Sa paistad veits tihane t-s\u00e4rk<\/span><\/p>\n<\/div><\/div><\/div><div class=\"et_pb_column_7 et_pb_column et_pb_column_1_3 et_block_column et_pb_css_mix_blend_mode_passthrough\"><div class=\"et_pb_image_2 et_pb_image et_pb_image_sticky et_pb_module et_block_module\"><a href=\"https:\/\/kahevahel.ee\/en\/product\/ole-karu-rahulik-t-sark\/\"><span class=\"et_pb_image_wrap\"><img data-dominant-color=\"857f75\" data-has-transparency=\"false\" style=\"--dominant-color: #857f75;\" loading=\"lazy\" decoding=\"async\" src=\"https:\/\/kahevahel.ee\/wp-content\/uploads\/2021\/04\/About-Kahevahel_4.jpg\" width=\"865\" height=\"1296\" srcset=\"https:\/\/kahevahel.ee\/wp-content\/uploads\/2021\/04\/About-Kahevahel_4.jpg 865w, https:\/\/kahevahel.ee\/wp-content\/uploads\/2021\/04\/About-Kahevahel_4-683x1024.jpg 683w\" sizes=\"(max-width: 865px) 100vw, 865px\" class=\"wp-image-2304 not-transparent\" title=\"About Kahevahel_4\" \/><\/span><\/a><\/div><div class=\"et_pb_text_5 et_pb_text et_pb_bg_layout_light et_clickable et_pb_module et_block_module\"><div class=\"et_pb_text_inner\"><p><span>K\u00fclasta toodet - Ole karu rahulik t-s\u00e4rk<\/span><\/p>\n<\/div><\/div><\/div><div class=\"et_pb_column_8 et_pb_column et_pb_column_1_3 et-last-child et_block_column et_pb_css_mix_blend_mode_passthrough\"><div class=\"et_pb_image_3 et_pb_image et_pb_image_sticky et_pb_module et_block_module\"><a href=\"https:\/\/kahevahel.ee\/en\/product\/uldse-ei-tuvita-pusa\/\"><span class=\"et_pb_image_wrap\"><img data-dominant-color=\"a59688\" data-has-transparency=\"false\" style=\"--dominant-color: #a59688;\" loading=\"lazy\" decoding=\"async\" src=\"https:\/\/kahevahel.ee\/wp-content\/uploads\/2021\/04\/About-Kahevahel_5.jpg\" width=\"865\" height=\"1296\" srcset=\"https:\/\/kahevahel.ee\/wp-content\/uploads\/2021\/04\/About-Kahevahel_5.jpg 865w, https:\/\/kahevahel.ee\/wp-content\/uploads\/2021\/04\/About-Kahevahel_5-683x1024.jpg 683w\" sizes=\"(max-width: 865px) 100vw, 865px\" class=\"wp-image-2300 not-transparent\" title=\"About Kahevahel_5\" \/><\/span><\/a><\/div><div class=\"et_pb_text_6 et_pb_text et_pb_bg_layout_light et_clickable et_pb_module et_block_module\"><div class=\"et_pb_text_inner\"><p><span>K\u00fclasta toodet - \u00dcldse ei tuvita pol\u00fcestri pusa<\/span><\/p>\n<\/div><\/div><\/div><\/div><\/div>","protected":false},"excerpt":{"rendered":"","protected":false},"author":1,"featured_media":0,"parent":0,"menu_order":0,"comment_status":"closed","ping_status":"closed","template":"","meta":{"footnotes":""},"class_list":["post-1291","page","type-page","status-publish","hentry"],"_links":{"self":[{"href":"https:\/\/kahevahel.ee\/en\/wp-json\/wp\/v2\/pages\/1291","targetHints":{"allow":["GET"]}}],"collection":[{"href":"https:\/\/kahevahel.ee\/en\/wp-json\/wp\/v2\/pages"}],"about":[{"href":"https:\/\/kahevahel.ee\/en\/wp-json\/wp\/v2\/types\/page"}],"author":[{"embeddable":true,"href":"https:\/\/kahevahel.ee\/en\/wp-json\/wp\/v2\/users\/1"}],"replies":[{"embeddable":true,"href":"https:\/\/kahevahel.ee\/en\/wp-json\/wp\/v2\/comments?post=1291"}],"version-history":[{"count":23,"href":"https:\/\/kahevahel.ee\/en\/wp-json\/wp\/v2\/pages\/1291\/revisions"}],"predecessor-version":[{"id":12614,"href":"https:\/\/kahevahel.ee\/en\/wp-json\/wp\/v2\/pages\/1291\/revisions\/12614"}],"wp:attachment":[{"href":"https:\/\/kahevahel.ee\/en\/wp-json\/wp\/v2\/media?parent=1291"}],"curies":[{"name":"wp","href":"https:\/\/api.w.org\/{rel}","templated":true}]}}