{"id":12553,"date":"2025-10-20T20:02:06","date_gmt":"2025-10-20T17:02:06","guid":{"rendered":"https:\/\/kahevahel.ee\/?page_id=12553"},"modified":"2026-03-20T13:17:04","modified_gmt":"2026-03-20T11:17:04","slug":"kkk","status":"publish","type":"page","link":"https:\/\/kahevahel.ee\/en\/kkk\/","title":{"rendered":"FAQ"},"content":{"rendered":"<div class=\"et_pb_section_0 et_pb_section et_section_regular et_block_section\">\n<div class=\"et_pb_row_0 et_pb_row et_block_row preset--module--divi-row--5138c454-be54-4233-bd3b-f8e6a8747976\">\n<div class=\"et_pb_column_0 et_pb_column et_pb_column_4_4 et-last-child et_block_column et_pb_css_mix_blend_mode_passthrough preset--module--divi-column--73121f80-a3ef-4484-8763-c3f18e3c56d2\">\n<div class=\"et_pb_heading_0 et_pb_heading et_pb_module et_block_module preset--module--divi-heading--c33f07d9-41e0-421a-8799-5799df695cce\"><div class=\"et_pb_heading_container\"><h2 class=\"et_pb_module_header\">FAQ<\/h2><\/div><\/div>\n\n<div class=\"et_pb_toggle_0 et_pb_toggle et_pb_toggle_item et_pb_toggle_open et_pb_module et_block_module\"><h5 class=\"et_pb_toggle_title\">Kuidas toimub tellimuste kohaletoimetamine?<\/h5><div class=\"et_pb_toggle_content clearfix\"><p data-start=\"115\" data-end=\"480\">Meie tarnepartnerid on DPD, DHL, USPS ja FedEx. Vahetult enne tarne t\u00e4htp\u00e4eva saadetakse teile s\u00f5num ja e-kiri, mis teavitab, et teie pakk on l\u00e4hip\u00e4evil saabumas. Levinud praktika on selline, et juhul kui tarnet teostab partner, kelle pakiautomaati teie l\u00e4heduses ei ole, toimetatakse pakk otse koju. Kui aga pakiautomaat on l\u00e4hedal olemas, suunatakse pakk sinna.<\/p>\n<p data-start=\"482\" data-end=\"643\">Kui teil tekib tarnep\u00e4eval k\u00fcsimusi tarne kohta, soovitame p\u00f6\u00f6rduda otse vastava tarnepartneri poole telefoni teel, kellelt olete saanud s\u00f5numi ja\/v\u00f5i e-kirja.<\/p>\n<p data-start=\"482\" data-end=\"643\">Pakume tasuta tarnet k\u00f5ikidele tellimustele alates 99\u20ac. Meie eesm\u00e4rk on tagada kiire ja usaldusv\u00e4\u00e4rne kohaletoimetamine \u00fcle kogu Eesti. Selleks palume arvestada 7-21 t\u00f6\u00f6p\u00e4eva vastavalt hooajale.<\/p>\n<\/div><\/div>\n\n<div class=\"et_pb_toggle_1 et_pb_toggle et_pb_toggle_item et_pb_toggle_close et_pb_module et_block_module\"><h5 class=\"et_pb_toggle_title\">Kuidas saan oma tellimust j\u00e4lgida?<\/h5><div class=\"et_pb_toggle_content clearfix\"><p>P\u00e4rast tellimuse esitamist saadame teile j\u00e4lgimisnumbri, millega saate oma paki teekonda reaalajas j\u00e4lgida. Juhul kui emaili v\u00f5i ostukinnitust ei saa, palun kirjutage meile <a href=\"mailto:kahevahel@kevinlehtla.ee\">kahevahel@kevinlehtla.ee<\/a>\u00a0<\/p>\n<\/div><\/div>\n\n<div class=\"et_pb_toggle_2 et_pb_toggle et_pb_toggle_item et_pb_toggle_close et_pb_module et_block_module\"><h5 class=\"et_pb_toggle_title\">Kas pakute ka rahvuvahelist saatmist?<\/h5><div class=\"et_pb_toggle_content clearfix\"><p>Jah, saadame oma tooteid ka rahvusvaheliselt. Saatmiskulud ja tarneajad v\u00f5ivad erineda s\u00f5ltuvalt sihtriigist.<\/p>\n<\/div><\/div>\n\n<div class=\"et_pb_toggle_3 et_pb_toggle et_pb_toggle_item et_pb_toggle_close et_pb_module et_block_module\"><h5 class=\"et_pb_toggle_title\">Kas teil on f\u00fc\u00fcsiline pood?<\/h5><div class=\"et_pb_toggle_content clearfix\"><p>Hetkel tegutseme peamiselt veebipoena. Meie eesm\u00e4rk on tulevikus pakkuda tooteid ka f\u00fc\u00fcsilise poe kaudu, kuid see s\u00f5ltub meie \u00e4rilisest edukusest.<\/p>\n<\/div><\/div>\n\n<div class=\"et_pb_toggle_4 et_pb_toggle et_pb_toggle_item et_pb_toggle_close et_pb_module et_block_module\"><h5 class=\"et_pb_toggle_title\">Mis on teie tagastuspoliitika?<\/h5><div class=\"et_pb_toggle_content clearfix\"><p>Pakume 30-p\u00e4evast tagastus\u00f5igust, kui tooted on kasutamata ja originaalpakendis. Tagastamise protsessi alustamiseks v\u00f5tke meiega \u00fchendust.<\/p>\n<\/div><\/div>\n<\/div>\n<\/div>\n<\/div>","protected":false},"excerpt":{"rendered":"","protected":false},"author":1,"featured_media":0,"parent":0,"menu_order":0,"comment_status":"closed","ping_status":"closed","template":"","meta":{"footnotes":""},"class_list":["post-12553","page","type-page","status-publish","hentry"],"_links":{"self":[{"href":"https:\/\/kahevahel.ee\/en\/wp-json\/wp\/v2\/pages\/12553","targetHints":{"allow":["GET"]}}],"collection":[{"href":"https:\/\/kahevahel.ee\/en\/wp-json\/wp\/v2\/pages"}],"about":[{"href":"https:\/\/kahevahel.ee\/en\/wp-json\/wp\/v2\/types\/page"}],"author":[{"embeddable":true,"href":"https:\/\/kahevahel.ee\/en\/wp-json\/wp\/v2\/users\/1"}],"replies":[{"embeddable":true,"href":"https:\/\/kahevahel.ee\/en\/wp-json\/wp\/v2\/comments?post=12553"}],"version-history":[{"count":15,"href":"https:\/\/kahevahel.ee\/en\/wp-json\/wp\/v2\/pages\/12553\/revisions"}],"predecessor-version":[{"id":12796,"href":"https:\/\/kahevahel.ee\/en\/wp-json\/wp\/v2\/pages\/12553\/revisions\/12796"}],"wp:attachment":[{"href":"https:\/\/kahevahel.ee\/en\/wp-json\/wp\/v2\/media?parent=12553"}],"curies":[{"name":"wp","href":"https:\/\/api.w.org\/{rel}","templated":true}]}}